{"id":135,"date":"2022-01-15T19:56:48","date_gmt":"2022-01-15T19:56:48","guid":{"rendered":"https:\/\/xn--dorflbe-9wa.ch\/?page_id=135"},"modified":"2025-08-20T05:55:49","modified_gmt":"2025-08-20T05:55:49","slug":"im-dorf","status":"publish","type":"page","link":"https:\/\/xn--dorflbe-9wa.ch\/","title":{"rendered":"Dorfl\u00e4be"},"content":{"rendered":"\n<div class=\"wp-block-columns is-layout-flex wp-container-core-columns-is-layout-9d6595d7 wp-block-columns-is-layout-flex\">\n<div class=\"wp-block-column is-layout-flow wp-block-column-is-layout-flow\">\n<div class=\"wp-block-group has-background\" style=\"background-color:#ffffff\"><div class=\"wp-block-group__inner-container is-layout-flow wp-block-group-is-layout-flow\">\n<p class=\"has-medium-font-size\"><strong>Ich gahn mit miner&#8216; Laterne und mini Lat\u00e4rne mit mir&#8230;<\/strong> <\/p>\n\n\n\n<p class=\"has-medium-font-size\">Am 12. November 2025 findet in Hettlingen der R\u00e4beliechtliumzug statt. Kommen auch Sie mit der ganzen Familie und wir ziehen zusammen mit unseren R\u00e4beliechtli durch die Strassen von Hettlingen! Je mehr leuchtende R\u00e4ben Sie mitbringen, desto sch\u00f6ner wird der Umzug!<\/p>\n\n\n\n<p><\/p>\n\n\n\n<div class=\"wp-block-buttons is-layout-flex wp-block-buttons-is-layout-flex\">\n<div class=\"wp-block-button is-style-fill\"><a class=\"wp-block-button__link wp-element-button\" href=\"https:\/\/xn--dorflbe-9wa.ch\/index.php\/raebeliechtliumzug\/\">Info<\/a><\/div>\n<\/div>\n\n\n\n<p><\/p>\n\n\n\n<p class=\"has-text-align-center\"><\/p>\n<\/div><\/div>\n<\/div>\n<\/div>\n\n\n\n<div class=\"wp-block-columns is-layout-flex wp-container-core-columns-is-layout-9d6595d7 wp-block-columns-is-layout-flex\">\n<div class=\"wp-block-column is-layout-flow wp-block-column-is-layout-flow\">\n<div class=\"wp-block-group has-background\" style=\"background-color:#ffffff\"><div class=\"wp-block-group__inner-container is-layout-flow wp-block-group-is-layout-flow\"><\/div><\/div>\n<\/div>\n<\/div>\n\n\n\n<p><\/p>\n","protected":false},"excerpt":{"rendered":"<p>Ich gahn mit miner&#8216; Laterne und mini Lat\u00e4rne mit mir&#8230; Am 12. November 2025 findet in Hettlingen der R\u00e4beliechtliumzug statt.&hellip;<\/p>\n","protected":false},"author":1,"featured_media":557,"parent":0,"menu_order":0,"comment_status":"closed","ping_status":"closed","template":"","meta":{"footnotes":""},"class_list":["post-135","page","type-page","status-publish","has-post-thumbnail","hentry"],"_links":{"self":[{"href":"https:\/\/xn--dorflbe-9wa.ch\/index.php\/wp-json\/wp\/v2\/pages\/135","targetHints":{"allow":["GET"]}}],"collection":[{"href":"https:\/\/xn--dorflbe-9wa.ch\/index.php\/wp-json\/wp\/v2\/pages"}],"about":[{"href":"https:\/\/xn--dorflbe-9wa.ch\/index.php\/wp-json\/wp\/v2\/types\/page"}],"author":[{"embeddable":true,"href":"https:\/\/xn--dorflbe-9wa.ch\/index.php\/wp-json\/wp\/v2\/users\/1"}],"replies":[{"embeddable":true,"href":"https:\/\/xn--dorflbe-9wa.ch\/index.php\/wp-json\/wp\/v2\/comments?post=135"}],"version-history":[{"count":30,"href":"https:\/\/xn--dorflbe-9wa.ch\/index.php\/wp-json\/wp\/v2\/pages\/135\/revisions"}],"predecessor-version":[{"id":600,"href":"https:\/\/xn--dorflbe-9wa.ch\/index.php\/wp-json\/wp\/v2\/pages\/135\/revisions\/600"}],"wp:featuredmedia":[{"embeddable":true,"href":"https:\/\/xn--dorflbe-9wa.ch\/index.php\/wp-json\/wp\/v2\/media\/557"}],"wp:attachment":[{"href":"https:\/\/xn--dorflbe-9wa.ch\/index.php\/wp-json\/wp\/v2\/media?parent=135"}],"curies":[{"name":"wp","href":"https:\/\/api.w.org\/{rel}","templated":true}]}}