{"id":140,"date":"2022-01-15T20:00:56","date_gmt":"2022-01-15T20:00:56","guid":{"rendered":"https:\/\/xn--dorflbe-9wa.ch\/?page_id=140"},"modified":"2022-06-26T08:45:28","modified_gmt":"2022-06-26T08:45:28","slug":"ueber-dorfleben","status":"publish","type":"page","link":"https:\/\/xn--dorflbe-9wa.ch\/index.php\/ueber-dorfleben\/","title":{"rendered":"\u00dcber Dorfl\u00e4be"},"content":{"rendered":"\n<p>Dorfl\u00e4be.ch ist eine Plattform mit Informationen zu Anl\u00e4ssen, Aktivit\u00e4ten und Treffpunkten rund um unser Dorf, Hettlingen. <\/p>\n\n\n\n<p><\/p>\n\n\n\n<p>Planst du auch eine Veranstaltung im Dorf oder gibt es ein Projekt, \u00fcber welches du informieren m\u00f6chtest? Ich freue mich \u00fcber Anregungen und Inputs!  <a href=\"https:\/\/xn--dorflbe-9wa.ch\/index.php\/kontakt\/\" data-type=\"page\" data-id=\"141\">Kontakt<\/a><\/p>\n\n\n\n<p><\/p>\n","protected":false},"excerpt":{"rendered":"<p>Dorfl\u00e4be.ch ist eine Plattform mit Informationen zu Anl\u00e4ssen, Aktivit\u00e4ten und Treffpunkten rund um unser Dorf, Hettlingen. Planst du auch eine&hellip;<\/p>\n","protected":false},"author":1,"featured_media":0,"parent":0,"menu_order":0,"comment_status":"closed","ping_status":"closed","template":"","meta":{"footnotes":""},"class_list":["post-140","page","type-page","status-publish","hentry"],"_links":{"self":[{"href":"https:\/\/xn--dorflbe-9wa.ch\/index.php\/wp-json\/wp\/v2\/pages\/140","targetHints":{"allow":["GET"]}}],"collection":[{"href":"https:\/\/xn--dorflbe-9wa.ch\/index.php\/wp-json\/wp\/v2\/pages"}],"about":[{"href":"https:\/\/xn--dorflbe-9wa.ch\/index.php\/wp-json\/wp\/v2\/types\/page"}],"author":[{"embeddable":true,"href":"https:\/\/xn--dorflbe-9wa.ch\/index.php\/wp-json\/wp\/v2\/users\/1"}],"replies":[{"embeddable":true,"href":"https:\/\/xn--dorflbe-9wa.ch\/index.php\/wp-json\/wp\/v2\/comments?post=140"}],"version-history":[{"count":9,"href":"https:\/\/xn--dorflbe-9wa.ch\/index.php\/wp-json\/wp\/v2\/pages\/140\/revisions"}],"predecessor-version":[{"id":498,"href":"https:\/\/xn--dorflbe-9wa.ch\/index.php\/wp-json\/wp\/v2\/pages\/140\/revisions\/498"}],"wp:attachment":[{"href":"https:\/\/xn--dorflbe-9wa.ch\/index.php\/wp-json\/wp\/v2\/media?parent=140"}],"curies":[{"name":"wp","href":"https:\/\/api.w.org\/{rel}","templated":true}]}}