{"id":188,"date":"2022-01-16T07:05:13","date_gmt":"2022-01-16T07:05:13","guid":{"rendered":"https:\/\/xn--dorflbe-9wa.ch\/?page_id=188"},"modified":"2025-08-26T16:14:08","modified_gmt":"2025-08-26T16:14:08","slug":"raebeliechtliumzug","status":"publish","type":"page","link":"https:\/\/xn--dorflbe-9wa.ch\/index.php\/raebeliechtliumzug\/","title":{"rendered":"R\u00e4beliechtliumzug"},"content":{"rendered":"\n<p>Am Mittwoch, 12. November 2025 findet der diesj\u00e4hrige R\u00e4beliechtliumzug statt.<\/p>\n\n\n\n<p>Wir treffen uns an drei Besammlungsorten:&nbsp; K\u00fcchlibergstrasse, Hinter Chilen oder Heimensteinstrasse (siehe Karte). Von dort aus spazieren die drei Z\u00fcge durchs Dorf und treffen sich beim Schulhaus, wo es Wienerli und Tee gibt. Die Musikgesellschaft Hettlingen wird dort f\u00fcr uns musizieren.<\/p>\n\n\n\n<p>Die R\u00e4ben f\u00fcr die Schulkinder werden zwischen Montag, 10. November und Mittwoch, 12. November in der Schule und in den Kinderg\u00e4rten verteilt. Die Unterstufenkinder werden die R\u00e4ben in der Schule schnitzen.<\/p>\n\n\n\n<p><strong>Besammlung: ab 18.15h, Aufbruch: 18.30h<\/strong><\/p>\n\n\n\n<p><strong>Eintreffen beim Schulhaus: ca. 19.00h<\/strong><\/p>\n\n\n\n<ul class=\"wp-block-list\">\n<li>Die Aufsichtspflicht \u00fcber die Kinder liegt w\u00e4hrend der gesamten Veranstaltung bei den Eltern\/ der Begleitperson.&nbsp;<\/li>\n\n\n\n<li>Bitte ben\u00fctzen Sie keine Taschenlampen, Mobiltelefone oder andere Leuchtmittel w\u00e4hrend des Umzugs, damit man die R\u00e4ben gut leuchten sieht.<\/li>\n\n\n\n<li>Die Verpflegung f\u00fcr Schulkinder (Wienerli, Brot und Tee) wird von der Schule offeriert.<\/li>\n\n\n\n<li>F\u00fcr die Verpflegung der Eltern stellen wir ein K\u00e4sseli auf und bitten um eine Spende &#8211; damit ersparen wir uns das umst\u00e4ndliche Einkassieren.<\/li>\n\n\n\n<li>Einen Gl\u00fchweinstand gibt es nat\u00fcrlich auch wieder!<\/li>\n<\/ul>\n\n\n\n<div class=\"wp-block-buttons is-layout-flex wp-block-buttons-is-layout-flex\">\n<div class=\"wp-block-button\"><a class=\"wp-block-button__link wp-element-button\" href=\"https:\/\/xn--dorflbe-9wa.ch\/index.php\/umzugsrouten\/\">Karte mit Umzugsrouten<\/a><\/div>\n\n\n\n<div class=\"wp-block-button\"><a class=\"wp-block-button__link wp-element-button\" href=\"https:\/\/www.youtube.com\/watch?v=NODxzY5RckQ\">R\u00e4benschnitzen Anleitung<\/a><\/div>\n\n\n\n<div class=\"wp-block-button\"><a class=\"wp-block-button__link wp-element-button\" href=\"https:\/\/xn--dorflbe-9wa.ch\/index.php\/raebeliechtlilieder\/\">R\u00e4beliechtlilieder<\/a><\/div>\n<\/div>\n","protected":false},"excerpt":{"rendered":"<p>Am Mittwoch, 12. November 2025 findet der diesj\u00e4hrige R\u00e4beliechtliumzug statt. Wir treffen uns an drei Besammlungsorten:&nbsp; K\u00fcchlibergstrasse, Hinter Chilen oder&hellip;<\/p>\n","protected":false},"author":1,"featured_media":0,"parent":0,"menu_order":0,"comment_status":"closed","ping_status":"closed","template":"elementor_theme","meta":{"footnotes":""},"class_list":["post-188","page","type-page","status-publish","hentry"],"_links":{"self":[{"href":"https:\/\/xn--dorflbe-9wa.ch\/index.php\/wp-json\/wp\/v2\/pages\/188","targetHints":{"allow":["GET"]}}],"collection":[{"href":"https:\/\/xn--dorflbe-9wa.ch\/index.php\/wp-json\/wp\/v2\/pages"}],"about":[{"href":"https:\/\/xn--dorflbe-9wa.ch\/index.php\/wp-json\/wp\/v2\/types\/page"}],"author":[{"embeddable":true,"href":"https:\/\/xn--dorflbe-9wa.ch\/index.php\/wp-json\/wp\/v2\/users\/1"}],"replies":[{"embeddable":true,"href":"https:\/\/xn--dorflbe-9wa.ch\/index.php\/wp-json\/wp\/v2\/comments?post=188"}],"version-history":[{"count":29,"href":"https:\/\/xn--dorflbe-9wa.ch\/index.php\/wp-json\/wp\/v2\/pages\/188\/revisions"}],"predecessor-version":[{"id":601,"href":"https:\/\/xn--dorflbe-9wa.ch\/index.php\/wp-json\/wp\/v2\/pages\/188\/revisions\/601"}],"wp:attachment":[{"href":"https:\/\/xn--dorflbe-9wa.ch\/index.php\/wp-json\/wp\/v2\/media?parent=188"}],"curies":[{"name":"wp","href":"https:\/\/api.w.org\/{rel}","templated":true}]}}