{"id":323,"date":"2022-01-16T17:37:48","date_gmt":"2022-01-16T17:37:48","guid":{"rendered":"https:\/\/xn--dorflbe-9wa.ch\/?page_id=323"},"modified":"2024-06-24T06:55:01","modified_gmt":"2024-06-24T06:55:01","slug":"anlaesse","status":"publish","type":"page","link":"https:\/\/xn--dorflbe-9wa.ch\/index.php\/anlaesse\/","title":{"rendered":"Events"},"content":{"rendered":"\n<div class=\"wp-block-buttons is-layout-flex wp-block-buttons-is-layout-flex\"><\/div>\n\n\n\n<p><\/p>\n\n\n\n<p><\/p>\n\n\n\n<p class=\"has-medium-font-size\">R\u00e4beliechtliumzug<\/p>\n\n\n\n<p>Es ist das Highlight im Herbst, wenn die Kinder ihre R\u00e4ben durchs Dorf f\u00fchren und beim Schulhaus ihre einge\u00fcbten R\u00e4beliechtlilieder singen. Ein grosses Erlebnis f\u00fcr die Kleinsten, ein sch\u00f6ner Brauch f\u00fcr alle Generationen! Der R\u00e4beliechtliumzug findet dieses Jahr am 8.  November statt.  <\/p>\n\n\n\n<div class=\"wp-block-buttons is-layout-flex wp-block-buttons-is-layout-flex\">\n<div class=\"wp-block-button\"><a class=\"wp-block-button__link wp-element-button\" href=\"https:\/\/xn--dorflbe-9wa.ch\/index.php\/raebeliechtliumzug\/\">Info<\/a><\/div>\n<\/div>\n\n\n\n<p><\/p>\n","protected":false},"excerpt":{"rendered":"<p>R\u00e4beliechtliumzug Es ist das Highlight im Herbst, wenn die Kinder ihre R\u00e4ben durchs Dorf f\u00fchren und beim Schulhaus ihre einge\u00fcbten&hellip;<\/p>\n","protected":false},"author":1,"featured_media":471,"parent":0,"menu_order":0,"comment_status":"closed","ping_status":"closed","template":"","meta":{"footnotes":""},"class_list":["post-323","page","type-page","status-publish","has-post-thumbnail","hentry"],"_links":{"self":[{"href":"https:\/\/xn--dorflbe-9wa.ch\/index.php\/wp-json\/wp\/v2\/pages\/323","targetHints":{"allow":["GET"]}}],"collection":[{"href":"https:\/\/xn--dorflbe-9wa.ch\/index.php\/wp-json\/wp\/v2\/pages"}],"about":[{"href":"https:\/\/xn--dorflbe-9wa.ch\/index.php\/wp-json\/wp\/v2\/types\/page"}],"author":[{"embeddable":true,"href":"https:\/\/xn--dorflbe-9wa.ch\/index.php\/wp-json\/wp\/v2\/users\/1"}],"replies":[{"embeddable":true,"href":"https:\/\/xn--dorflbe-9wa.ch\/index.php\/wp-json\/wp\/v2\/comments?post=323"}],"version-history":[{"count":9,"href":"https:\/\/xn--dorflbe-9wa.ch\/index.php\/wp-json\/wp\/v2\/pages\/323\/revisions"}],"predecessor-version":[{"id":594,"href":"https:\/\/xn--dorflbe-9wa.ch\/index.php\/wp-json\/wp\/v2\/pages\/323\/revisions\/594"}],"wp:featuredmedia":[{"embeddable":true,"href":"https:\/\/xn--dorflbe-9wa.ch\/index.php\/wp-json\/wp\/v2\/media\/471"}],"wp:attachment":[{"href":"https:\/\/xn--dorflbe-9wa.ch\/index.php\/wp-json\/wp\/v2\/media?parent=323"}],"curies":[{"name":"wp","href":"https:\/\/api.w.org\/{rel}","templated":true}]}}